{"id":26,"date":"2020-12-25T15:00:25","date_gmt":"2020-12-25T15:00:25","guid":{"rendered":"http:\/\/sw-themes.com\/porto_dummy\/?page_id=26"},"modified":"2024-09-24T10:12:55","modified_gmt":"2024-09-24T10:12:55","slug":"contact","status":"publish","type":"page","link":"https:\/\/www.inveso.com.tr\/tr\/contact\/","title":{"rendered":"\u0130leti\u015fim"},"content":{"rendered":"\t\t<div data-elementor-type=\"wp-page\" data-elementor-id=\"26\" class=\"elementor elementor-26\" data-elementor-settings=\"{&quot;element_pack_global_tooltip_width&quot;:{&quot;unit&quot;:&quot;px&quot;,&quot;size&quot;:&quot;&quot;,&quot;sizes&quot;:[]},&quot;element_pack_global_tooltip_width_tablet&quot;:{&quot;unit&quot;:&quot;px&quot;,&quot;size&quot;:&quot;&quot;,&quot;sizes&quot;:[]},&quot;element_pack_global_tooltip_width_mobile&quot;:{&quot;unit&quot;:&quot;px&quot;,&quot;size&quot;:&quot;&quot;,&quot;sizes&quot;:[]},&quot;element_pack_global_tooltip_padding&quot;:{&quot;unit&quot;:&quot;px&quot;,&quot;top&quot;:&quot;&quot;,&quot;right&quot;:&quot;&quot;,&quot;bottom&quot;:&quot;&quot;,&quot;left&quot;:&quot;&quot;,&quot;isLinked&quot;:true},&quot;element_pack_global_tooltip_padding_tablet&quot;:{&quot;unit&quot;:&quot;px&quot;,&quot;top&quot;:&quot;&quot;,&quot;right&quot;:&quot;&quot;,&quot;bottom&quot;:&quot;&quot;,&quot;left&quot;:&quot;&quot;,&quot;isLinked&quot;:true},&quot;element_pack_global_tooltip_padding_mobile&quot;:{&quot;unit&quot;:&quot;px&quot;,&quot;top&quot;:&quot;&quot;,&quot;right&quot;:&quot;&quot;,&quot;bottom&quot;:&quot;&quot;,&quot;left&quot;:&quot;&quot;,&quot;isLinked&quot;:true},&quot;element_pack_global_tooltip_border_radius&quot;:{&quot;unit&quot;:&quot;px&quot;,&quot;top&quot;:&quot;&quot;,&quot;right&quot;:&quot;&quot;,&quot;bottom&quot;:&quot;&quot;,&quot;left&quot;:&quot;&quot;,&quot;isLinked&quot;:true},&quot;element_pack_global_tooltip_border_radius_tablet&quot;:{&quot;unit&quot;:&quot;px&quot;,&quot;top&quot;:&quot;&quot;,&quot;right&quot;:&quot;&quot;,&quot;bottom&quot;:&quot;&quot;,&quot;left&quot;:&quot;&quot;,&quot;isLinked&quot;:true},&quot;element_pack_global_tooltip_border_radius_mobile&quot;:{&quot;unit&quot;:&quot;px&quot;,&quot;top&quot;:&quot;&quot;,&quot;right&quot;:&quot;&quot;,&quot;bottom&quot;:&quot;&quot;,&quot;left&quot;:&quot;&quot;,&quot;isLinked&quot;:true}}\" data-elementor-post-type=\"page\">\n\t\t\t\t\t\t<section class=\"elementor-section elementor-top-section elementor-element elementor-element-14757be elementor-section-content-middle mt-5 pt-1 mb-4 elementor-section-boxed elementor-section-height-default elementor-section-height-default\" data-id=\"14757be\" data-element_type=\"section\" data-e-type=\"section\">\r\n\t\t\r\n\t\t\t\t\t\t\t<div class=\"elementor-container elementor-column-gap-default\">\r\n\t\t\t\t\t\t\t\t\t\t\t<div class=\"elementor-column elementor-col-50 elementor-top-column elementor-element elementor-element-6c3b8e0 w-lg-33 offset-lg-1 mb-3 mb-lg-0\" data-id=\"6c3b8e0\" data-element_type=\"column\" data-e-type=\"column\">\r\n\t\t\t\t\t<div class=\"elementor-widget-wrap elementor-element-populated\">\r\n\t\t\t\t\t\t\t\t<div class=\"elementor-element elementor-element-b3998e4 custom-direction-padding elementor-widget elementor-widget-heading\" data-id=\"b3998e4\" data-element_type=\"widget\" data-e-type=\"widget\" data-widget_type=\"heading.default\">\n\t\t\t\t<div class=\"elementor-widget-container\">\n\t\t\t\t\t<div class=\"elementor-heading-title elementor-size-default\"><a class=\"custom-text-underline-2 border-color-primary text-decoration-none\" href=\"#get-direction\">CONTACT US<\/a><\/div>\t\t\t\t<\/div>\n\t\t\t\t<\/div>\n\t\t\t\t<div class=\"elementor-element elementor-element-fb014ba elementor-widget__width-initial elementor-widget elementor-widget-heading\" data-id=\"fb014ba\" data-element_type=\"widget\" data-e-type=\"widget\" data-widget_type=\"heading.default\">\n\t\t\t\t<div class=\"elementor-widget-container\">\n\t\t\t\t\t<p class=\"elementor-heading-title elementor-size-default\">We\u2019re here to assist you with your investment inquiries. Reach out to us via phone or email, or visit us at our office. Our team will get back to you as soon as possible during business hours.<\/p>\t\t\t\t<\/div>\n\t\t\t\t<\/div>\n\t\t\t\t<div class=\"elementor-element elementor-element-124eee6 elementor-widget__width-initial elementor-widget elementor-widget-heading\" data-id=\"124eee6\" data-element_type=\"widget\" data-e-type=\"widget\" data-widget_type=\"heading.default\">\n\t\t\t\t<div class=\"elementor-widget-container\">\n\t\t\t\t\t<h1 class=\"elementor-heading-title elementor-size-default\">Adalet Mah. Manas Bulv. No: 39 \u0130\u00e7 Kap\u0131 No: 3408 Folkart Towers | Bayrakl\u0131 - \u0130zmir<\/h1>\t\t\t\t<\/div>\n\t\t\t\t<\/div>\n\t\t\t\t<div class=\"elementor-element elementor-element-4f8f3dd custom-phone pt-3 elementor-widget elementor-widget-porto_info_box\" data-id=\"4f8f3dd\" data-element_type=\"widget\" data-e-type=\"widget\" data-widget_type=\"porto_info_box.default\">\n\t\t\t\t<div class=\"elementor-widget-container\">\n\t\t\t\t\t<a class=\"porto-sicon-box-link\" href=\"mailto:info@inveso.com.tr\"><div class=\"porto-sicon-box style_1 default-icon\"><div class=\"porto-sicon-default\"><div class=\"porto-just-icon-wrapper porto-icon none\" style=\"margin-right:8px;\"><i class=\"Simple-Line-Icons-envelope\"><\/i><\/div><\/div><div class=\"porto-sicon-header\"><h3 class=\"porto-sicon-title\" style=\"\">Email: info@inveso.com.tr<\/h3><\/div> <!-- header --><\/div><!-- porto-sicon-box --><\/a>\t\t\t\t<\/div>\n\t\t\t\t<\/div>\n\t\t\t\t<div class=\"elementor-element elementor-element-49cce69 custom-phone elementor-widget elementor-widget-porto_info_box\" data-id=\"49cce69\" data-element_type=\"widget\" data-e-type=\"widget\" data-widget_type=\"porto_info_box.default\">\n\t\t\t\t<div class=\"elementor-widget-container\">\n\t\t\t\t\t<a class=\"porto-sicon-box-link\" href=\"tel:+905497261936\"><div class=\"porto-sicon-box style_1 default-icon\"><div class=\"porto-sicon-default\"><div class=\"porto-just-icon-wrapper porto-icon none\" style=\"margin-right:8px;\"><i class=\"Simple-Line-Icons-phone\"><\/i><\/div><\/div><div class=\"porto-sicon-header\"><h3 class=\"porto-sicon-title\" style=\"\">Phone: +90 549 726 19 36<\/h3><\/div> <!-- header --><\/div><!-- porto-sicon-box --><\/a>\t\t\t\t<\/div>\n\t\t\t\t<\/div>\n\t\t\t\t\t<\/div>\r\n\t\t\t\t<\/div>\r\n\t\t\t\t<div class=\"elementor-column elementor-col-50 elementor-top-column elementor-element elementor-element-4be1906 w-lg-41 offset-lg-1 custom-form-style-1\" data-id=\"4be1906\" data-element_type=\"column\" data-e-type=\"column\">\r\n\t\t\t\t\t<div class=\"elementor-widget-wrap elementor-element-populated\">\r\n\t\t\t\t\t\t\t\t<div class=\"elementor-element elementor-element-f16ac47 elementor-widget elementor-widget-porto_contact_form\" data-id=\"f16ac47\" data-element_type=\"widget\" data-e-type=\"widget\" data-widget_type=\"porto_contact_form.default\">\n\t\t\t\t<div class=\"elementor-widget-container\">\n\t\t\t\t\t\n<div class=\"wpcf7 no-js\" id=\"wpcf7-f439-o1\" lang=\"en-US\" dir=\"ltr\" data-wpcf7-id=\"439\">\n<div class=\"screen-reader-response\"><p role=\"status\" aria-live=\"polite\" aria-atomic=\"true\"><\/p> <ul><\/ul><\/div>\n<form action=\"\/tr\/wp-json\/wp\/v2\/pages\/26#wpcf7-f439-o1\" method=\"post\" class=\"wpcf7-form init\" aria-label=\"Contact form\" novalidate=\"novalidate\" data-status=\"init\">\n<fieldset class=\"hidden-fields-container\"><input type=\"hidden\" name=\"_wpcf7\" value=\"439\" \/><input type=\"hidden\" name=\"_wpcf7_version\" value=\"6.1.5\" \/><input type=\"hidden\" name=\"_wpcf7_locale\" value=\"en_US\" \/><input type=\"hidden\" name=\"_wpcf7_unit_tag\" value=\"wpcf7-f439-o1\" \/><input type=\"hidden\" name=\"_wpcf7_container_post\" value=\"0\" \/><input type=\"hidden\" name=\"_wpcf7_posted_data_hash\" value=\"\" \/>\n<\/fieldset>\n<div class=\"form-row row-gutter-sm\">\n    <div class=\"form-group col mb-3\">\n        <span class=\"wpcf7-form-control-wrap\" data-name=\"firstName\"><input size=\"40\" maxlength=\"400\" class=\"wpcf7-form-control wpcf7-text wpcf7-validates-as-required form-control\" id=\"firstName\" aria-required=\"true\" aria-invalid=\"false\" placeholder=\"First Name\" value=\"\" type=\"text\" name=\"firstName\" \/><\/span>\n    <\/div>\n    <div class=\"form-group col mb-3\">\n        <span class=\"wpcf7-form-control-wrap\" data-name=\"lastName\"><input size=\"40\" maxlength=\"400\" class=\"wpcf7-form-control wpcf7-text wpcf7-validates-as-required form-control\" id=\"lastName\" aria-required=\"true\" aria-invalid=\"false\" placeholder=\"Last Name\" value=\"\" type=\"text\" name=\"lastName\" \/><\/span>\n    <\/div>\n<\/div>\n<div class=\"form-row row-gutter-sm\">\n    <div class=\"form-group col mb-3\">\n        <span class=\"wpcf7-form-control-wrap\" data-name=\"email\"><input size=\"40\" maxlength=\"400\" class=\"wpcf7-form-control wpcf7-email wpcf7-validates-as-required wpcf7-text wpcf7-validates-as-email form-control\" id=\"email\" aria-required=\"true\" aria-invalid=\"false\" placeholder=\"E-mail Address\" value=\"\" type=\"email\" name=\"email\" \/><\/span>\n    <\/div>\n<\/div>\n<div class=\"form-row row-gutter-sm\">\n    <div class=\"form-group col mb-3\">\n        <span class=\"wpcf7-form-control-wrap\" data-name=\"phone\"><input size=\"40\" maxlength=\"400\" class=\"wpcf7-form-control wpcf7-tel wpcf7-validates-as-required wpcf7-text wpcf7-validates-as-tel form-control\" id=\"phone\" aria-required=\"true\" aria-invalid=\"false\" placeholder=\"Phone Number\" value=\"\" type=\"tel\" name=\"phone\" \/><\/span>\n    <\/div>\n<\/div>\n<div class=\"form-row\">\n    <div class=\"form-group col mb-3\">\n        <span class=\"wpcf7-form-control-wrap\" data-name=\"message\"><textarea cols=\"40\" rows=\"10\" maxlength=\"2000\" class=\"wpcf7-form-control wpcf7-textarea wpcf7-validates-as-required form-control\" id=\"message\" aria-required=\"true\" aria-invalid=\"false\" placeholder=\"Message\" name=\"message\"><\/textarea><\/span>\n    <\/div>\n<\/div>\n<div class=\"form-row\">\n    <div class=\"form-group col mb-0\">\n        <input class=\"wpcf7-form-control wpcf7-submit has-spinner vc_btn3 vc_btn3-shape-rounded vc_btn3-icon-right font-weight-bold btn btn-md btn-primary btn-full-rounded font-size-md py-3 px-5\" type=\"submit\" value=\"SUBMIT\" \/>\n    <\/div>\n<\/div><p style=\"display: none !important;\" class=\"akismet-fields-container\" data-prefix=\"_wpcf7_ak_\"><label>&#916;<textarea name=\"_wpcf7_ak_hp_textarea\" cols=\"45\" rows=\"8\" maxlength=\"100\"><\/textarea><\/label><input type=\"hidden\" id=\"ak_js_1\" name=\"_wpcf7_ak_js\" value=\"91\"\/><script>\ndocument.getElementById( \"ak_js_1\" ).setAttribute( \"value\", ( new Date() ).getTime() );\n<\/script>\n<\/p><div class=\"wpcf7-response-output\" aria-hidden=\"true\"><\/div>\n<\/form>\n<\/div>\n\t\t\t\t<\/div>\n\t\t\t\t<\/div>\n\t\t\t\t\t<\/div>\r\n\t\t\t\t<\/div>\r\n\t\t\t\t\t<\/div>\r\n\t\t\t\t<\/section>\r\n\t\t\t\t<section class=\"porto-full-no-gap elementor-section elementor-top-section elementor-element elementor-element-cf59ff1 elementor-section-full_width elementor-section-height-default elementor-section-height-default\" data-id=\"cf59ff1\" data-element_type=\"section\" data-e-type=\"section\">\r\n\t\t\r\n\t\t\t\t\t\t\t<div class=\"elementor-container elementor-column-gap-no\">\r\n\t\t\t\t\t\t\t\t\t\t\t<div class=\"elementor-column elementor-col-100 elementor-top-column elementor-element elementor-element-4e50310\" data-id=\"4e50310\" data-element_type=\"column\" data-e-type=\"column\">\r\n\t\t\t\t\t<div class=\"elementor-widget-wrap elementor-element-populated\">\r\n\t\t\t\t\t\t\t\t<div class=\"elementor-element elementor-element-ee9a2ad elementor-widget elementor-widget-porto_google_map\" data-id=\"ee9a2ad\" data-element_type=\"widget\" data-e-type=\"widget\" data-widget_type=\"porto_google_map.default\">\n\t\t\t\t<div class=\"elementor-widget-container\">\n\t\t\t\t\t<div id='wrap_map_69f2dc8a45dda' class='porto-map-wrapper  ' style='height:500px;'><div id='map_69f2dc8a45dda' data-map_override='0' class='porto_google_map page_margin_top' style='width:100%;height:500px;'><\/div><\/div><script>\r\n( function() {\r\n\tvar porto_init_map = function() {\r\n\t\t( function( $ ) {\r\n\t\t\t'use strict';\r\n\t\t\tif (typeof google == 'undefined') {\r\n\t\t\t\treturn;\r\n\t\t\t}\r\n\t\t\tvar map_map_69f2dc8a45dda = null;\r\n\t\t\tvar coordinate_map_69f2dc8a45dda;\r\n\t\t\ttry {\r\n\t\t\t\tcoordinate_map_69f2dc8a45dda=new google.maps.LatLng(38.4532744, 27.1747108);\r\n\t\t\t\tvar isDraggable = $(document).width() > 640 ? true : false;\r\n\t\t\t\tvar mapOptions = {\r\n\t\t\t\t\tzoom: 16,\r\n\t\t\t\t\tcenter: coordinate_map_69f2dc8a45dda,\r\n\t\t\t\t\tscaleControl: true,\r\n\t\t\t\t\tstreetViewControl: false,\r\n\t\t\t\t\tmapTypeControl: false,\r\n\t\t\t\t\tpanControl: false,\r\n\t\t\t\t\tzoomControl: false,\r\n\t\t\t\t\tscrollwheel: false,\r\n\t\t\t\t\tdraggable: isDraggable,\r\n\t\t\t\t\tzoomControlOptions: {\r\n\t\t\t\t\t\tposition: google.maps.ControlPosition.RIGHT_BOTTOM\r\n\t\t\t\t\t}, mapTypeControlOptions: {\r\n\t\t\t\t\t\t\tmapTypeIds: [google.maps.MapTypeId.ROADMAP, 'map_style']\r\n\t\t\t\t\t\t}};var styles = [{\"featureType\":\"water\",\"elementType\":\"geometry\",\"stylers\":[{\"color\":\"#e9e9e9\"},{\"lightness\":17}]},{\"featureType\":\"landscape\",\"elementType\":\"geometry\",\"stylers\":[{\"color\":\"#f5f5f5\"},{\"lightness\":20}]},{\"featureType\":\"road.highway\",\"elementType\":\"geometry.fill\",\"stylers\":[{\"color\":\"#ffffff\"},{\"lightness\":17}]},{\"featureType\":\"road.highway\",\"elementType\":\"geometry.stroke\",\"stylers\":[{\"color\":\"#ffffff\"},{\"lightness\":29},{\"weight\":0.2}]},{\"featureType\":\"road.arterial\",\"elementType\":\"geometry\",\"stylers\":[{\"color\":\"#ffffff\"},{\"lightness\":18}]},{\"featureType\":\"road.local\",\"elementType\":\"geometry\",\"stylers\":[{\"color\":\"#ffffff\"},{\"lightness\":16}]},{\"featureType\":\"poi\",\"elementType\":\"geometry\",\"stylers\":[{\"color\":\"#f5f5f5\"},{\"lightness\":21}]},{\"featureType\":\"poi.park\",\"elementType\":\"geometry\",\"stylers\":[{\"color\":\"#dedede\"},{\"lightness\":21}]},{\"elementType\":\"labels.text.stroke\",\"stylers\":[{\"visibility\":\"on\"},{\"color\":\"#ffffff\"},{\"lightness\":16}]},{\"elementType\":\"labels.text.fill\",\"stylers\":[{\"saturation\":36},{\"color\":\"#333333\"},{\"lightness\":40}]},{\"elementType\":\"labels.icon\",\"stylers\":[{\"visibility\":\"off\"}]},{\"featureType\":\"transit\",\"elementType\":\"geometry\",\"stylers\":[{\"color\":\"#f2f2f2\"},{\"lightness\":19}]},{\"featureType\":\"administrative\",\"elementType\":\"geometry.fill\",\"stylers\":[{\"color\":\"#fefefe\"},{\"lightness\":20}]},{\"featureType\":\"administrative\",\"elementType\":\"geometry.stroke\",\"stylers\":[{\"color\":\"#fefefe\"},{\"lightness\":17},{\"weight\":1.2}]}];\r\n\t\t\t\t\t\tvar styledMap = new google.maps.StyledMapType(styles,\r\n\t\t\t\t\t\t\t{name: \"Styled Map\"});var map_map_69f2dc8a45dda = new google.maps.Map(document.getElementById('map_69f2dc8a45dda'),mapOptions);map_map_69f2dc8a45dda.mapTypes.set('map_style', styledMap);\r\n\t\t\t\t\t\t\t map_map_69f2dc8a45dda.setMapTypeId('map_style');\r\n\t\t\t\t\t\tvar x = 'on';\r\n\t\t\t\t\t\tvar marker_map_69f2dc8a45dda = new google.maps.Marker({\r\n\t\t\t\t\t\tposition: new google.maps.LatLng(38.4532744, 27.1747108),\r\n\t\t\t\t\t\tanimation:  google.maps.Animation.DROP,\r\n\t\t\t\t\t\tmap: map_map_69f2dc8a45dda,\r\n\t\t\t\t\t\ticon: 'https:\/\/www.inveso.com.tr\/wp-content\/uploads\/2020\/12\/map-pin.png'\r\n\t\t\t\t\t});\r\n\t\t\t\t\tgoogle.maps.event.addListener(marker_map_69f2dc8a45dda, 'click', toggleBounce);}\r\n\t\t\tcatch(e){};\r\n\t\t\tgoogle.maps.event.trigger(map_map_69f2dc8a45dda, 'resize');\r\n\t\t\t$(window).on('resize', function(){\r\n\t\t\t\tgoogle.maps.event.trigger(map_map_69f2dc8a45dda, 'resize');\r\n\t\t\t\tif(map_map_69f2dc8a45dda!=null) {\r\n\t\t\t\t\tmap_map_69f2dc8a45dda.setCenter(coordinate_map_69f2dc8a45dda);\r\n\t\t\t\t}\r\n\t\t\t});\r\n\t\t\t$('.ui-tabs').on('tabsactivate', function(event, ui) {\r\n\t\t\t   if($(this).find('.porto-map-wrapper').length > 0)\r\n\t\t\t\t{\r\n\t\t\t\t\tsetTimeout(function(){\r\n\t\t\t\t\t\t$(window).trigger('resize');\r\n\t\t\t\t\t},200);\r\n\t\t\t\t}\r\n\t\t\t});\r\n\t\t\t$('.ui-accordion').on('accordionactivate', function(event, ui) {\r\n\t\t\t\tif($(this).find('.porto-map-wrapper').length > 0) {\r\n\t\t\t\t\tsetTimeout(function(){\r\n\t\t\t\t\t\t$(window).trigger('resize');\r\n\t\t\t\t\t},200);\r\n\t\t\t\t}\r\n\t\t\t});\r\n\t\t\t$(document).on('onPortoModalPopupOpen', function(){\r\n\t\t\t\tif($(map_map_69f2dc8a45dda).parents('.porto_modal-content')) {\r\n\t\t\t\t\tsetTimeout(function(){\r\n\t\t\t\t\t\t$(window).trigger('resize');\r\n\t\t\t\t\t},200);\r\n\t\t\t\t}\r\n\t\t\t});\r\n\t\t\tfunction toggleBounce() {\r\n\t\t\t\tif (marker_map_69f2dc8a45dda.getAnimation() != null) {\r\n\t\t\t\t\tmarker_map_69f2dc8a45dda.setAnimation(null);\r\n\t\t\t\t} else {\r\n\t\t\t\t\tmarker_map_69f2dc8a45dda.setAnimation(google.maps.Animation.BOUNCE);\r\n\t\t\t\t}\r\n\t\t\t}\r\n\t\t} )( window.jQuery );\r\n\t};\r\n\r\n\tif ( window.jQuery ) {\r\n\t\tjQuery( document ).ready(function() {\r\n\t\t\tporto_init_map();\r\n\t\t} );\r\n\t} else {\r\n\t\tdocument.addEventListener( 'DOMContentLoaded', porto_init_map );\r\n\t}\r\n\r\n\twindow.addEventListener( 'load', function() {\r\n\t\tsetTimeout( function() {\r\n\t\t\tjQuery( window ).trigger( 'resize' );\r\n\t\t}, 200 );\r\n\t} );\r\n} )();\r\n<\/script>\t\t\t\t<\/div>\n\t\t\t\t<\/div>\n\t\t\t\t\t<\/div>\r\n\t\t\t\t<\/div>\r\n\t\t\t\t\t<\/div>\r\n\t\t\t\t<\/section>\r\n\t\t\t\t<\/div>\n\t\t","protected":false},"excerpt":{"rendered":"<p>CONTACT US We\u2019re here to assist you with your investment inquiries. Reach out to us via phone or email, or visit us at our office. Our team will get back to you as soon as possible during business hours. Adalet Mah. Manas Bulv. No: 39 \u0130\u00e7 Kap\u0131 No: 3408 Folkart Towers | Bayrakl\u0131 &#8211; \u0130zmir [&hellip;]<\/p>\n","protected":false},"author":1,"featured_media":0,"parent":0,"menu_order":0,"comment_status":"closed","ping_status":"closed","template":"","meta":{"footnotes":""},"class_list":["post-26","page","type-page","status-publish","hentry"],"yoast_head":"<!-- This site is optimized with the Yoast SEO Premium plugin v23.4 (Yoast SEO v26.8) - https:\/\/yoast.com\/product\/yoast-seo-premium-wordpress\/ -->\n<title>Contact | Inveso<\/title>\n<meta name=\"robots\" content=\"index, follow, max-snippet:-1, max-image-preview:large, max-video-preview:-1\" \/>\n<link rel=\"canonical\" href=\"https:\/\/www.inveso.com.tr\/tr\/contact\/\" \/>\n<meta property=\"og:locale\" content=\"tr_TR\" \/>\n<meta property=\"og:type\" content=\"article\" \/>\n<meta property=\"og:title\" content=\"Contact\" \/>\n<meta property=\"og:description\" content=\"CONTACT US We\u2019re here to assist you with your investment inquiries. Reach out to us via phone or email, or visit us at our office. Our team will get back to you as soon as possible during business hours. Adalet Mah. Manas Bulv. No: 39 \u0130\u00e7 Kap\u0131 No: 3408 Folkart Towers | Bayrakl\u0131 &#8211; \u0130zmir [&hellip;]\" \/>\n<meta property=\"og:url\" content=\"https:\/\/www.inveso.com.tr\/tr\/contact\/\" \/>\n<meta property=\"og:site_name\" content=\"Inveso\" \/>\n<meta property=\"article:modified_time\" content=\"2024-09-24T10:12:55+00:00\" \/>\n<meta name=\"twitter:card\" content=\"summary_large_image\" \/>\n<script type=\"application\/ld+json\" class=\"yoast-schema-graph\">{\"@context\":\"https:\/\/schema.org\",\"@graph\":[{\"@type\":\"WebPage\",\"@id\":\"https:\/\/www.inveso.com.tr\/contact\/\",\"url\":\"https:\/\/www.inveso.com.tr\/contact\/\",\"name\":\"Contact | Inveso\",\"isPartOf\":{\"@id\":\"https:\/\/www.inveso.com.tr\/fr\/#website\"},\"datePublished\":\"2020-12-25T15:00:25+00:00\",\"dateModified\":\"2024-09-24T10:12:55+00:00\",\"breadcrumb\":{\"@id\":\"https:\/\/www.inveso.com.tr\/contact\/#breadcrumb\"},\"inLanguage\":\"tr\",\"potentialAction\":[{\"@type\":\"ReadAction\",\"target\":[\"https:\/\/www.inveso.com.tr\/contact\/\"]}]},{\"@type\":\"BreadcrumbList\",\"@id\":\"https:\/\/www.inveso.com.tr\/contact\/#breadcrumb\",\"itemListElement\":[{\"@type\":\"ListItem\",\"position\":1,\"name\":\"Home\",\"item\":\"https:\/\/www.inveso.com.tr\/\"},{\"@type\":\"ListItem\",\"position\":2,\"name\":\"Contact\"}]},{\"@type\":\"WebSite\",\"@id\":\"https:\/\/www.inveso.com.tr\/fr\/#website\",\"url\":\"https:\/\/www.inveso.com.tr\/fr\/\",\"name\":\"Inveso\",\"description\":\"Smart Solutions\",\"publisher\":{\"@id\":\"https:\/\/www.inveso.com.tr\/fr\/#organization\"},\"potentialAction\":[{\"@type\":\"SearchAction\",\"target\":{\"@type\":\"EntryPoint\",\"urlTemplate\":\"https:\/\/www.inveso.com.tr\/fr\/?s={search_term_string}\"},\"query-input\":{\"@type\":\"PropertyValueSpecification\",\"valueRequired\":true,\"valueName\":\"search_term_string\"}}],\"inLanguage\":\"tr\"},{\"@type\":\"Organization\",\"@id\":\"https:\/\/www.inveso.com.tr\/fr\/#organization\",\"name\":\"Inveso\",\"url\":\"https:\/\/www.inveso.com.tr\/fr\/\",\"logo\":{\"@type\":\"ImageObject\",\"inLanguage\":\"tr\",\"@id\":\"https:\/\/www.inveso.com.tr\/fr\/#\/schema\/logo\/image\/\",\"url\":\"https:\/\/www.inveso.com.tr\/wp-content\/uploads\/2024\/09\/Inveso-Logo.svg\",\"contentUrl\":\"https:\/\/www.inveso.com.tr\/wp-content\/uploads\/2024\/09\/Inveso-Logo.svg\",\"width\":926,\"height\":224,\"caption\":\"Inveso\"},\"image\":{\"@id\":\"https:\/\/www.inveso.com.tr\/fr\/#\/schema\/logo\/image\/\"},\"sameAs\":[\"https:\/\/www.linkedin.com\/company\/invesotr\"],\"description\":\"Inveso is dedicated to guiding investors through the complexities of the Turkish and global markets. Our team of experts works closely with clients to identify the most lucrative opportunities and provide tailored advice that maximizes success. From understanding sector trends to navigating regional specifics, Inveso ensures you have the knowledge and support to make informed decisions. Whether you're new to the market or expanding your portfolio, we are here to help you achieve your investment goals.\",\"email\":\"info@inveso.com.tr\",\"telephone\":\"+90 549 726 19 36\",\"legalName\":\"Inveso\",\"foundingDate\":\"2024-01-01\",\"numberOfEmployees\":{\"@type\":\"QuantitativeValue\",\"minValue\":\"1\",\"maxValue\":\"10\"}}]}<\/script>\n<!-- \/ Yoast SEO Premium plugin. -->","yoast_head_json":{"title":"Contact | Inveso","robots":{"index":"index","follow":"follow","max-snippet":"max-snippet:-1","max-image-preview":"max-image-preview:large","max-video-preview":"max-video-preview:-1"},"canonical":"https:\/\/www.inveso.com.tr\/tr\/contact\/","og_locale":"tr_TR","og_type":"article","og_title":"Contact","og_description":"CONTACT US We\u2019re here to assist you with your investment inquiries. Reach out to us via phone or email, or visit us at our office. Our team will get back to you as soon as possible during business hours. Adalet Mah. Manas Bulv. No: 39 \u0130\u00e7 Kap\u0131 No: 3408 Folkart Towers | Bayrakl\u0131 &#8211; \u0130zmir [&hellip;]","og_url":"https:\/\/www.inveso.com.tr\/tr\/contact\/","og_site_name":"Inveso","article_modified_time":"2024-09-24T10:12:55+00:00","twitter_card":"summary_large_image","schema":{"@context":"https:\/\/schema.org","@graph":[{"@type":"WebPage","@id":"https:\/\/www.inveso.com.tr\/contact\/","url":"https:\/\/www.inveso.com.tr\/contact\/","name":"Contact | Inveso","isPartOf":{"@id":"https:\/\/www.inveso.com.tr\/fr\/#website"},"datePublished":"2020-12-25T15:00:25+00:00","dateModified":"2024-09-24T10:12:55+00:00","breadcrumb":{"@id":"https:\/\/www.inveso.com.tr\/contact\/#breadcrumb"},"inLanguage":"tr","potentialAction":[{"@type":"ReadAction","target":["https:\/\/www.inveso.com.tr\/contact\/"]}]},{"@type":"BreadcrumbList","@id":"https:\/\/www.inveso.com.tr\/contact\/#breadcrumb","itemListElement":[{"@type":"ListItem","position":1,"name":"Home","item":"https:\/\/www.inveso.com.tr\/"},{"@type":"ListItem","position":2,"name":"Contact"}]},{"@type":"WebSite","@id":"https:\/\/www.inveso.com.tr\/fr\/#website","url":"https:\/\/www.inveso.com.tr\/fr\/","name":"Yat\u0131r\u0131m","description":"Ak\u0131ll\u0131 \u00c7\u00f6z\u00fcmler","publisher":{"@id":"https:\/\/www.inveso.com.tr\/fr\/#organization"},"potentialAction":[{"@type":"SearchAction","target":{"@type":"EntryPoint","urlTemplate":"https:\/\/www.inveso.com.tr\/fr\/?s={search_term_string}"},"query-input":{"@type":"PropertyValueSpecification","valueRequired":true,"valueName":"search_term_string"}}],"inLanguage":"tr"},{"@type":"Organization","@id":"https:\/\/www.inveso.com.tr\/fr\/#organization","name":"Yat\u0131r\u0131m","url":"https:\/\/www.inveso.com.tr\/fr\/","logo":{"@type":"ImageObject","inLanguage":"tr","@id":"https:\/\/www.inveso.com.tr\/fr\/#\/schema\/logo\/image\/","url":"https:\/\/www.inveso.com.tr\/wp-content\/uploads\/2024\/09\/Inveso-Logo.svg","contentUrl":"https:\/\/www.inveso.com.tr\/wp-content\/uploads\/2024\/09\/Inveso-Logo.svg","width":926,"height":224,"caption":"Inveso"},"image":{"@id":"https:\/\/www.inveso.com.tr\/fr\/#\/schema\/logo\/image\/"},"sameAs":["https:\/\/www.linkedin.com\/company\/invesotr"],"description":"Inveso is dedicated to guiding investors through the complexities of the Turkish and global markets. Our team of experts works closely with clients to identify the most lucrative opportunities and provide tailored advice that maximizes success. From understanding sector trends to navigating regional specifics, Inveso ensures you have the knowledge and support to make informed decisions. Whether you're new to the market or expanding your portfolio, we are here to help you achieve your investment goals.","email":"info@inveso.com.tr","telephone":"+90 549 726 19 36","legalName":"Inveso","foundingDate":"2024-01-01","numberOfEmployees":{"@type":"QuantitativeValue","minValue":"1","maxValue":"10"}}]}},"_links":{"self":[{"href":"https:\/\/www.inveso.com.tr\/tr\/wp-json\/wp\/v2\/pages\/26","targetHints":{"allow":["GET"]}}],"collection":[{"href":"https:\/\/www.inveso.com.tr\/tr\/wp-json\/wp\/v2\/pages"}],"about":[{"href":"https:\/\/www.inveso.com.tr\/tr\/wp-json\/wp\/v2\/types\/page"}],"author":[{"embeddable":true,"href":"https:\/\/www.inveso.com.tr\/tr\/wp-json\/wp\/v2\/users\/1"}],"replies":[{"embeddable":true,"href":"https:\/\/www.inveso.com.tr\/tr\/wp-json\/wp\/v2\/comments?post=26"}],"version-history":[{"count":21,"href":"https:\/\/www.inveso.com.tr\/tr\/wp-json\/wp\/v2\/pages\/26\/revisions"}],"predecessor-version":[{"id":3851,"href":"https:\/\/www.inveso.com.tr\/tr\/wp-json\/wp\/v2\/pages\/26\/revisions\/3851"}],"wp:attachment":[{"href":"https:\/\/www.inveso.com.tr\/tr\/wp-json\/wp\/v2\/media?parent=26"}],"curies":[{"name":"wp","href":"https:\/\/api.w.org\/{rel}","templated":true}]}}