{"id":24,"date":"2020-12-25T14:59:58","date_gmt":"2020-12-25T14:59:58","guid":{"rendered":"http:\/\/sw-themes.com\/porto_dummy\/?page_id=24"},"modified":"2024-09-24T08:16:41","modified_gmt":"2024-09-24T08:16:41","slug":"appointment","status":"publish","type":"page","link":"https:\/\/www.inveso.com.tr\/tr\/appointment\/","title":{"rendered":"Randevu Al\u0131n"},"content":{"rendered":"<div data-elementor-type=\"wp-page\" data-elementor-id=\"24\" class=\"elementor elementor-24\" data-elementor-settings=\"{&quot;element_pack_global_tooltip_width&quot;:{&quot;unit&quot;:&quot;px&quot;,&quot;size&quot;:&quot;&quot;,&quot;sizes&quot;:[]},&quot;element_pack_global_tooltip_width_tablet&quot;:{&quot;unit&quot;:&quot;px&quot;,&quot;size&quot;:&quot;&quot;,&quot;sizes&quot;:[]},&quot;element_pack_global_tooltip_width_mobile&quot;:{&quot;unit&quot;:&quot;px&quot;,&quot;size&quot;:&quot;&quot;,&quot;sizes&quot;:[]},&quot;element_pack_global_tooltip_padding&quot;:{&quot;unit&quot;:&quot;px&quot;,&quot;top&quot;:&quot;&quot;,&quot;right&quot;:&quot;&quot;,&quot;bottom&quot;:&quot;&quot;,&quot;left&quot;:&quot;&quot;,&quot;isLinked&quot;:true},&quot;element_pack_global_tooltip_padding_tablet&quot;:{&quot;unit&quot;:&quot;px&quot;,&quot;top&quot;:&quot;&quot;,&quot;right&quot;:&quot;&quot;,&quot;bottom&quot;:&quot;&quot;,&quot;left&quot;:&quot;&quot;,&quot;isLinked&quot;:true},&quot;element_pack_global_tooltip_padding_mobile&quot;:{&quot;unit&quot;:&quot;px&quot;,&quot;top&quot;:&quot;&quot;,&quot;right&quot;:&quot;&quot;,&quot;bottom&quot;:&quot;&quot;,&quot;left&quot;:&quot;&quot;,&quot;isLinked&quot;:true},&quot;element_pack_global_tooltip_border_radius&quot;:{&quot;unit&quot;:&quot;px&quot;,&quot;top&quot;:&quot;&quot;,&quot;right&quot;:&quot;&quot;,&quot;bottom&quot;:&quot;&quot;,&quot;left&quot;:&quot;&quot;,&quot;isLinked&quot;:true},&quot;element_pack_global_tooltip_border_radius_tablet&quot;:{&quot;unit&quot;:&quot;px&quot;,&quot;top&quot;:&quot;&quot;,&quot;right&quot;:&quot;&quot;,&quot;bottom&quot;:&quot;&quot;,&quot;left&quot;:&quot;&quot;,&quot;isLinked&quot;:true},&quot;element_pack_global_tooltip_border_radius_mobile&quot;:{&quot;unit&quot;:&quot;px&quot;,&quot;top&quot;:&quot;&quot;,&quot;right&quot;:&quot;&quot;,&quot;bottom&quot;:&quot;&quot;,&quot;left&quot;:&quot;&quot;,&quot;isLinked&quot;:true}}\" data-elementor-post-type=\"page\">\n\t\t\t\t\t\t<section class=\"elementor-section elementor-top-section elementor-element elementor-element-31845a15 elementor-section-boxed elementor-section-height-default elementor-section-height-default\" data-id=\"31845a15\" data-element_type=\"section\" data-e-type=\"section\">\r\n\t\t\r\n\t\t\t\t\t\t\t<div class=\"elementor-container elementor-column-gap-no\">\r\n\t\t\t\t\t\t\t\t\t\t\t<div class=\"elementor-column elementor-col-100 elementor-top-column elementor-element elementor-element-e3b35ce\" data-id=\"e3b35ce\" data-element_type=\"column\" data-e-type=\"column\">\r\n\t\t\t\t\t<div class=\"elementor-widget-wrap elementor-element-populated\">\r\n\t\t\t\t\t\t\t\t<div class=\"elementor-element elementor-element-8ae480b m-b-md mt-4 pt-2 elementor-widget elementor-widget-heading\" data-id=\"8ae480b\" data-element_type=\"widget\" data-e-type=\"widget\" data-widget_type=\"heading.default\">\n\t\t\t\t<div class=\"elementor-widget-container\">\n\t\t\t\t\t<p class=\"elementor-heading-title elementor-size-default\">Ekibimiz yat\u0131r\u0131m se\u00e7eneklerinizi ke\u015ffetmenize yard\u0131mc\u0131 olmak ve uzman rehberli\u011fi sa\u011flamak i\u00e7in burada. Portf\u00f6y\u00fcn\u00fcz\u00fc geni\u015fletmek veya yeni pazarlara girmek istiyorsan\u0131z, ihtiya\u00e7lar\u0131n\u0131z\u0131 kar\u015f\u0131lamak i\u00e7in \u00f6zel \u00e7\u00f6z\u00fcmler sunuyoruz.\n\n<\/p>\t\t\t\t<\/div>\n\t\t\t\t<\/div>\n\t\t\t\t<div class=\"elementor-element elementor-element-e33e837  pb-3 m-b-md elementor-widget elementor-widget-heading\" data-id=\"e33e837\" data-element_type=\"widget\" data-e-type=\"widget\" data-widget_type=\"heading.default\">\n\t\t\t\t<div class=\"elementor-widget-container\">\n\t\t\t\t\t<p class=\"elementor-heading-title elementor-size-default\">Bug\u00fcn bizimle ileti\u015fime ge\u00e7in ve finansal hedeflerinize do\u011fru bir sonraki ad\u0131m\u0131 atman\u0131za yard\u0131mc\u0131 olal\u0131m.\n\n<\/p>\t\t\t\t<\/div>\n\t\t\t\t<\/div>\n\t\t\t\t<div class=\"elementor-element elementor-element-3934520 custom-form-style-1 elementor-widget elementor-widget-porto_contact_form\" data-id=\"3934520\" data-element_type=\"widget\" data-e-type=\"widget\" data-widget_type=\"porto_contact_form.default\">\n\t\t\t\t<div class=\"elementor-widget-container\">\n\t\t\t\t\t\n<div class=\"wpcf7 no-js\" id=\"wpcf7-f475-o1\" lang=\"en-US\" dir=\"ltr\" data-wpcf7-id=\"475\">\n<div class=\"screen-reader-response\"><p role=\"status\" aria-live=\"polite\" aria-atomic=\"true\"><\/p> <ul><\/ul><\/div>\n<form action=\"\/tr\/wp-json\/wp\/v2\/pages\/24#wpcf7-f475-o1\" method=\"post\" class=\"wpcf7-form init\" aria-label=\"Contact form\" novalidate=\"novalidate\" data-status=\"init\" data-trp-original-action=\"\/tr\/wp-json\/wp\/v2\/pages\/24#wpcf7-f475-o1\">\n<fieldset class=\"hidden-fields-container\"><input type=\"hidden\" name=\"_wpcf7\" value=\"475\" \/><input type=\"hidden\" name=\"_wpcf7_version\" value=\"6.1.5\" \/><input type=\"hidden\" name=\"_wpcf7_locale\" value=\"en_US\" \/><input type=\"hidden\" name=\"_wpcf7_unit_tag\" value=\"wpcf7-f475-o1\" \/><input type=\"hidden\" name=\"_wpcf7_container_post\" value=\"0\" \/><input type=\"hidden\" name=\"_wpcf7_posted_data_hash\" value=\"\" \/>\n<\/fieldset>\n<div class=\"form-row\">\n    <div class=\"col\">\n        <h2 class=\"text-color-dark font-weight-bold text-4-5 mb-3\">Ki\u015fisel Bilgiler:<\/h2>\n    <\/div>\n<\/div>\n<div class=\"form-row\">\n    <div class=\"form-group col-md-6 mb-3\">\n        <span class=\"wpcf7-form-control-wrap\" data-name=\"firstName\"><input size=\"40\" maxlength=\"400\" class=\"wpcf7-form-control wpcf7-text wpcf7-validates-as-required form-control\" id=\"firstName\" aria-required=\"true\" aria-invalid=\"false\" placeholder=\"Ad\" value=\"\" type=\"text\" name=\"firstName\" \/><\/span>\n    <\/div>\n    <div class=\"form-group col-md-6 mb-3\">\n        <span class=\"wpcf7-form-control-wrap\" data-name=\"lastName\"><input size=\"40\" maxlength=\"400\" class=\"wpcf7-form-control wpcf7-text wpcf7-validates-as-required form-control\" id=\"lastName\" aria-required=\"true\" aria-invalid=\"false\" placeholder=\"Soyad\" value=\"\" type=\"text\" name=\"lastName\" \/><\/span>\n    <\/div>\n<\/div>\n<div class=\"form-row mb-3\">\n    <div class=\"form-group col-md-6 mb-3\">\n        <span class=\"wpcf7-form-control-wrap\" data-name=\"email\"><input size=\"40\" maxlength=\"400\" class=\"wpcf7-form-control wpcf7-email wpcf7-validates-as-required wpcf7-text wpcf7-validates-as-email form-control\" id=\"email\" aria-required=\"true\" aria-invalid=\"false\" placeholder=\"E-posta Adresiniz\" value=\"\" type=\"email\" name=\"email\" \/><\/span>\n    <\/div>\n    <div class=\"form-group col-md-6 mb-3\">\n        <span class=\"wpcf7-form-control-wrap\" data-name=\"phone\"><input size=\"40\" maxlength=\"400\" class=\"wpcf7-form-control wpcf7-tel wpcf7-validates-as-required wpcf7-text wpcf7-validates-as-tel form-control\" id=\"phone\" aria-required=\"true\" aria-invalid=\"false\" placeholder=\"Telefon\" value=\"\" type=\"tel\" name=\"phone\" \/><\/span>\n    <\/div>\n<\/div>\n\n<div class=\"form-row\">\n    <div class=\"col\">\n        <h2 class=\"text-color-dark font-weight-bold text-4-5 mb-3\">Randevu Alma Nedeninizi Bize Bildirin:<\/h2>\n    <\/div>\n<\/div>\n<div class=\"form-row mb-3\">\n    <div class=\"form-group col\">\n        <span class=\"wpcf7-form-control-wrap\" data-name=\"reason\"><textarea cols=\"40\" rows=\"10\" maxlength=\"2000\" class=\"wpcf7-form-control wpcf7-textarea wpcf7-validates-as-required form-control\" id=\"reason\" aria-required=\"true\" aria-invalid=\"false\" placeholder=\"Randevu Nedeni\" name=\"reason\"><\/textarea><\/span>\n    <\/div>\n<\/div>\n\n<div class=\"form-row\">\n    <div class=\"col\">\n        <h2 class=\"text-color-dark font-weight-bold text-4-5 mb-1\">Tarih ve Saati Se\u00e7in:<\/h2>\n    <\/div>\n<\/div>\n<div class=\"form-row mb-2\">\n    <div class=\"col-lg-6\">\n        <div class=\"form-row\">\n            <div class=\"col\">\n                <p class=\"font-weight-semibold mb-2\">\u0130LK SE\u00c7\u0130M<\/p>\n            <\/div>\n        <\/div>\n        <div class=\"form-row\">\n            <div class=\"form-group col-md-6\">\n                <span class=\"wpcf7-form-control-wrap\" data-name=\"firstDate\"><input class=\"wpcf7-form-control wpcf7-date wpcf7-validates-as-required wpcf7-validates-as-date form-control\" id=\"firstDate\" aria-required=\"true\" aria-invalid=\"false\" placeholder=\"Tarih\" value=\"\" type=\"date\" name=\"firstDate\" \/><\/span>\n            <\/div>\n            <div class=\"form-group col-md-6\">\n                <span class=\"wpcf7-form-control-wrap\" data-name=\"firstTime\"><input size=\"40\" maxlength=\"400\" class=\"wpcf7-form-control wpcf7-text wpcf7-validates-as-required form-control\" id=\"firstTime\" aria-required=\"true\" aria-invalid=\"false\" placeholder=\"Zaman (\u00f6rne\u011fin 09:00)\" value=\"\" type=\"text\" name=\"firstTime\" \/><\/span>\n            <\/div>\n        <\/div>\n    <\/div>\n    <div class=\"col-lg-6\">\n        <div class=\"form-row\">\n            <div class=\"col\">\n                <p class=\"font-weight-semibold mb-2\">\u0130K\u0130NC\u0130 SE\u00c7\u0130M<\/p>\n            <\/div>\n        <\/div>\n        <div class=\"form-row\">\n            <div class=\"form-group col-md-6\">\n                <span class=\"wpcf7-form-control-wrap\" data-name=\"secondDate\"><input class=\"wpcf7-form-control wpcf7-date wpcf7-validates-as-required wpcf7-validates-as-date form-control\" id=\"secondDate\" aria-required=\"true\" aria-invalid=\"false\" placeholder=\"Tarih\" value=\"\" type=\"date\" name=\"secondDate\" \/><\/span>\n            <\/div>\n            <div class=\"form-group col-md-6\">\n                <span class=\"wpcf7-form-control-wrap\" data-name=\"secondTime\"><input size=\"40\" maxlength=\"400\" class=\"wpcf7-form-control wpcf7-text wpcf7-validates-as-required form-control\" id=\"secondTime\" aria-required=\"true\" aria-invalid=\"false\" placeholder=\"Zaman (\u00f6rne\u011fin 09:00)\" value=\"\" type=\"text\" name=\"secondTime\" \/><\/span>\n            <\/div>\n        <\/div>\n    <\/div>\n<\/div>\n\n<div class=\"form-row pb-2 mb-4\">\n    <div class=\"col\">\n        <div class=\"alert alert-warning custom-alert-bg-color-1\">\n            <p class=\"text-2 mb-0\"><i class=\"fas fa-info-circle me-1\"><\/i> L\u00fctfen talep etti\u011finiz tarih ve saatin m\u00fcsait olmayabilece\u011fini unutmay\u0131n. Ger\u00e7ek randevu bilgilerinizi do\u011frulamak i\u00e7in sizinle ileti\u015fime ge\u00e7ece\u011fiz.<\/p>\n        <\/div>\n    <\/div>\n<\/div>\n\n<div class=\"form-row\">\n    <div class=\"form-group col mb-0\">\n        <input class=\"wpcf7-form-control wpcf7-submit has-spinner vc_btn3 vc_btn3-shape-rounded vc_btn3-icon-right font-weight-bold btn btn-full-rounded btn-md btn-primary font-size-md py-3 px-5\" type=\"submit\" value=\"G\u00f6ndermek\" \/>\n    <\/div>\n<\/div><p style=\"display: none !important;\" class=\"akismet-fields-container\" data-prefix=\"_wpcf7_ak_\"><label>\u0394<textarea name=\"_wpcf7_ak_hp_textarea\" cols=\"45\" rows=\"8\" maxlength=\"100\"><\/textarea><\/label><input type=\"hidden\" id=\"ak_js_1\" name=\"_wpcf7_ak_js\" value=\"117\"\/><script>\ndocument.getElementById( \"ak_js_1\" ).setAttribute( \"value\", ( new Date() ).getTime() );\n<\/script>\n<\/p><div class=\"wpcf7-response-output\" aria-hidden=\"true\"><\/div>\n<input type=\"hidden\" name=\"trp-form-language\" value=\"tr\"\/><\/form>\n<\/div>\n\t\t\t\t<\/div>\n\t\t\t\t<\/div>\n\t\t\t\t\t<\/div>\r\n\t\t\t\t<\/div>\r\n\t\t\t\t\t<\/div>\r\n\t\t\t\t<\/section>\r\n\t\t\t\t<\/div>","protected":false},"excerpt":{"rendered":"<p>Our team is here to help you explore your investment options and provide expert guidance. Whether you&#8217;re looking to expand your portfolio or enter new markets, we offer tailored solutions to meet your needs. Get in touch today and let us help you take the next step toward your financial goals. Personal Information: Tell Us [&hellip;]<\/p>\n","protected":false},"author":1,"featured_media":0,"parent":0,"menu_order":0,"comment_status":"closed","ping_status":"closed","template":"","meta":{"footnotes":""},"class_list":["post-24","page","type-page","status-publish","hentry"],"yoast_head":"<!-- This site is optimized with the Yoast SEO Premium plugin v23.4 (Yoast SEO v26.8) - https:\/\/yoast.com\/product\/yoast-seo-premium-wordpress\/ -->\n<title>Appointment | Inveso<\/title>\n<meta name=\"robots\" content=\"index, follow, max-snippet:-1, max-image-preview:large, max-video-preview:-1\" \/>\n<link rel=\"canonical\" href=\"https:\/\/www.inveso.com.tr\/tr\/appointment\/\" \/>\n<meta property=\"og:locale\" content=\"tr_TR\" \/>\n<meta property=\"og:type\" content=\"article\" \/>\n<meta property=\"og:title\" content=\"Appointment\" \/>\n<meta property=\"og:description\" content=\"Our team is here to help you explore your investment options and provide expert guidance. Whether you&#8217;re looking to expand your portfolio or enter new markets, we offer tailored solutions to meet your needs. Get in touch today and let us help you take the next step toward your financial goals. Personal Information: Tell Us [&hellip;]\" \/>\n<meta property=\"og:url\" content=\"https:\/\/www.inveso.com.tr\/tr\/appointment\/\" \/>\n<meta property=\"og:site_name\" content=\"Inveso\" \/>\n<meta property=\"article:modified_time\" content=\"2024-09-24T08:16:41+00:00\" \/>\n<meta name=\"twitter:card\" content=\"summary_large_image\" \/>\n<script type=\"application\/ld+json\" class=\"yoast-schema-graph\">{\"@context\":\"https:\/\/schema.org\",\"@graph\":[{\"@type\":\"WebPage\",\"@id\":\"https:\/\/www.inveso.com.tr\/appointment\/\",\"url\":\"https:\/\/www.inveso.com.tr\/appointment\/\",\"name\":\"Appointment | Inveso\",\"isPartOf\":{\"@id\":\"https:\/\/www.inveso.com.tr\/fr\/#website\"},\"datePublished\":\"2020-12-25T14:59:58+00:00\",\"dateModified\":\"2024-09-24T08:16:41+00:00\",\"breadcrumb\":{\"@id\":\"https:\/\/www.inveso.com.tr\/appointment\/#breadcrumb\"},\"inLanguage\":\"tr\",\"potentialAction\":[{\"@type\":\"ReadAction\",\"target\":[\"https:\/\/www.inveso.com.tr\/appointment\/\"]}]},{\"@type\":\"BreadcrumbList\",\"@id\":\"https:\/\/www.inveso.com.tr\/appointment\/#breadcrumb\",\"itemListElement\":[{\"@type\":\"ListItem\",\"position\":1,\"name\":\"Home\",\"item\":\"https:\/\/www.inveso.com.tr\/\"},{\"@type\":\"ListItem\",\"position\":2,\"name\":\"Appointment\"}]},{\"@type\":\"WebSite\",\"@id\":\"https:\/\/www.inveso.com.tr\/fr\/#website\",\"url\":\"https:\/\/www.inveso.com.tr\/fr\/\",\"name\":\"Inveso\",\"description\":\"Smart Solutions\",\"publisher\":{\"@id\":\"https:\/\/www.inveso.com.tr\/fr\/#organization\"},\"potentialAction\":[{\"@type\":\"SearchAction\",\"target\":{\"@type\":\"EntryPoint\",\"urlTemplate\":\"https:\/\/www.inveso.com.tr\/fr\/?s={search_term_string}\"},\"query-input\":{\"@type\":\"PropertyValueSpecification\",\"valueRequired\":true,\"valueName\":\"search_term_string\"}}],\"inLanguage\":\"tr\"},{\"@type\":\"Organization\",\"@id\":\"https:\/\/www.inveso.com.tr\/fr\/#organization\",\"name\":\"Inveso\",\"url\":\"https:\/\/www.inveso.com.tr\/fr\/\",\"logo\":{\"@type\":\"ImageObject\",\"inLanguage\":\"tr\",\"@id\":\"https:\/\/www.inveso.com.tr\/fr\/#\/schema\/logo\/image\/\",\"url\":\"https:\/\/www.inveso.com.tr\/wp-content\/uploads\/2024\/09\/Inveso-Logo.svg\",\"contentUrl\":\"https:\/\/www.inveso.com.tr\/wp-content\/uploads\/2024\/09\/Inveso-Logo.svg\",\"width\":926,\"height\":224,\"caption\":\"Inveso\"},\"image\":{\"@id\":\"https:\/\/www.inveso.com.tr\/fr\/#\/schema\/logo\/image\/\"},\"sameAs\":[\"https:\/\/www.linkedin.com\/company\/invesotr\"],\"description\":\"Inveso is dedicated to guiding investors through the complexities of the Turkish and global markets. Our team of experts works closely with clients to identify the most lucrative opportunities and provide tailored advice that maximizes success. From understanding sector trends to navigating regional specifics, Inveso ensures you have the knowledge and support to make informed decisions. Whether you're new to the market or expanding your portfolio, we are here to help you achieve your investment goals.\",\"email\":\"info@inveso.com.tr\",\"telephone\":\"+90 549 726 19 36\",\"legalName\":\"Inveso\",\"foundingDate\":\"2024-01-01\",\"numberOfEmployees\":{\"@type\":\"QuantitativeValue\",\"minValue\":\"1\",\"maxValue\":\"10\"}}]}<\/script>\n<!-- \/ Yoast SEO Premium plugin. -->","yoast_head_json":{"title":"Appointment | Inveso","robots":{"index":"index","follow":"follow","max-snippet":"max-snippet:-1","max-image-preview":"max-image-preview:large","max-video-preview":"max-video-preview:-1"},"canonical":"https:\/\/www.inveso.com.tr\/tr\/appointment\/","og_locale":"tr_TR","og_type":"article","og_title":"Appointment","og_description":"Our team is here to help you explore your investment options and provide expert guidance. Whether you&#8217;re looking to expand your portfolio or enter new markets, we offer tailored solutions to meet your needs. Get in touch today and let us help you take the next step toward your financial goals. Personal Information: Tell Us [&hellip;]","og_url":"https:\/\/www.inveso.com.tr\/tr\/appointment\/","og_site_name":"Inveso","article_modified_time":"2024-09-24T08:16:41+00:00","twitter_card":"summary_large_image","schema":{"@context":"https:\/\/schema.org","@graph":[{"@type":"WebPage","@id":"https:\/\/www.inveso.com.tr\/appointment\/","url":"https:\/\/www.inveso.com.tr\/appointment\/","name":"Appointment | Inveso","isPartOf":{"@id":"https:\/\/www.inveso.com.tr\/fr\/#website"},"datePublished":"2020-12-25T14:59:58+00:00","dateModified":"2024-09-24T08:16:41+00:00","breadcrumb":{"@id":"https:\/\/www.inveso.com.tr\/appointment\/#breadcrumb"},"inLanguage":"tr","potentialAction":[{"@type":"ReadAction","target":["https:\/\/www.inveso.com.tr\/appointment\/"]}]},{"@type":"BreadcrumbList","@id":"https:\/\/www.inveso.com.tr\/appointment\/#breadcrumb","itemListElement":[{"@type":"ListItem","position":1,"name":"Home","item":"https:\/\/www.inveso.com.tr\/"},{"@type":"ListItem","position":2,"name":"Appointment"}]},{"@type":"WebSite","@id":"https:\/\/www.inveso.com.tr\/fr\/#website","url":"https:\/\/www.inveso.com.tr\/fr\/","name":"Yat\u0131r\u0131m","description":"Ak\u0131ll\u0131 \u00c7\u00f6z\u00fcmler","publisher":{"@id":"https:\/\/www.inveso.com.tr\/fr\/#organization"},"potentialAction":[{"@type":"SearchAction","target":{"@type":"EntryPoint","urlTemplate":"https:\/\/www.inveso.com.tr\/fr\/?s={search_term_string}"},"query-input":{"@type":"PropertyValueSpecification","valueRequired":true,"valueName":"search_term_string"}}],"inLanguage":"tr"},{"@type":"Organization","@id":"https:\/\/www.inveso.com.tr\/fr\/#organization","name":"Yat\u0131r\u0131m","url":"https:\/\/www.inveso.com.tr\/fr\/","logo":{"@type":"ImageObject","inLanguage":"tr","@id":"https:\/\/www.inveso.com.tr\/fr\/#\/schema\/logo\/image\/","url":"https:\/\/www.inveso.com.tr\/wp-content\/uploads\/2024\/09\/Inveso-Logo.svg","contentUrl":"https:\/\/www.inveso.com.tr\/wp-content\/uploads\/2024\/09\/Inveso-Logo.svg","width":926,"height":224,"caption":"Inveso"},"image":{"@id":"https:\/\/www.inveso.com.tr\/fr\/#\/schema\/logo\/image\/"},"sameAs":["https:\/\/www.linkedin.com\/company\/invesotr"],"description":"Inveso is dedicated to guiding investors through the complexities of the Turkish and global markets. Our team of experts works closely with clients to identify the most lucrative opportunities and provide tailored advice that maximizes success. From understanding sector trends to navigating regional specifics, Inveso ensures you have the knowledge and support to make informed decisions. Whether you're new to the market or expanding your portfolio, we are here to help you achieve your investment goals.","email":"info@inveso.com.tr","telephone":"+90 549 726 19 36","legalName":"Inveso","foundingDate":"2024-01-01","numberOfEmployees":{"@type":"QuantitativeValue","minValue":"1","maxValue":"10"}}]}},"_links":{"self":[{"href":"https:\/\/www.inveso.com.tr\/tr\/wp-json\/wp\/v2\/pages\/24","targetHints":{"allow":["GET"]}}],"collection":[{"href":"https:\/\/www.inveso.com.tr\/tr\/wp-json\/wp\/v2\/pages"}],"about":[{"href":"https:\/\/www.inveso.com.tr\/tr\/wp-json\/wp\/v2\/types\/page"}],"author":[{"embeddable":true,"href":"https:\/\/www.inveso.com.tr\/tr\/wp-json\/wp\/v2\/users\/1"}],"replies":[{"embeddable":true,"href":"https:\/\/www.inveso.com.tr\/tr\/wp-json\/wp\/v2\/comments?post=24"}],"version-history":[{"count":3,"href":"https:\/\/www.inveso.com.tr\/tr\/wp-json\/wp\/v2\/pages\/24\/revisions"}],"predecessor-version":[{"id":3826,"href":"https:\/\/www.inveso.com.tr\/tr\/wp-json\/wp\/v2\/pages\/24\/revisions\/3826"}],"wp:attachment":[{"href":"https:\/\/www.inveso.com.tr\/tr\/wp-json\/wp\/v2\/media?parent=24"}],"curies":[{"name":"wp","href":"https:\/\/api.w.org\/{rel}","templated":true}]}}