{"id":24,"date":"2020-12-25T14:59:58","date_gmt":"2020-12-25T14:59:58","guid":{"rendered":"http:\/\/sw-themes.com\/porto_dummy\/?page_id=24"},"modified":"2024-09-24T08:16:41","modified_gmt":"2024-09-24T08:16:41","slug":"appointment","status":"publish","type":"page","link":"https:\/\/www.inveso.com.tr\/es\/appointment\/","title":{"rendered":"Cita"},"content":{"rendered":"<div data-elementor-type=\"wp-page\" data-elementor-id=\"24\" class=\"elementor elementor-24\" data-elementor-settings=\"{&quot;element_pack_global_tooltip_width&quot;:{&quot;unit&quot;:&quot;px&quot;,&quot;size&quot;:&quot;&quot;,&quot;sizes&quot;:[]},&quot;element_pack_global_tooltip_width_tablet&quot;:{&quot;unit&quot;:&quot;px&quot;,&quot;size&quot;:&quot;&quot;,&quot;sizes&quot;:[]},&quot;element_pack_global_tooltip_width_mobile&quot;:{&quot;unit&quot;:&quot;px&quot;,&quot;size&quot;:&quot;&quot;,&quot;sizes&quot;:[]},&quot;element_pack_global_tooltip_padding&quot;:{&quot;unit&quot;:&quot;px&quot;,&quot;top&quot;:&quot;&quot;,&quot;right&quot;:&quot;&quot;,&quot;bottom&quot;:&quot;&quot;,&quot;left&quot;:&quot;&quot;,&quot;isLinked&quot;:true},&quot;element_pack_global_tooltip_padding_tablet&quot;:{&quot;unit&quot;:&quot;px&quot;,&quot;top&quot;:&quot;&quot;,&quot;right&quot;:&quot;&quot;,&quot;bottom&quot;:&quot;&quot;,&quot;left&quot;:&quot;&quot;,&quot;isLinked&quot;:true},&quot;element_pack_global_tooltip_padding_mobile&quot;:{&quot;unit&quot;:&quot;px&quot;,&quot;top&quot;:&quot;&quot;,&quot;right&quot;:&quot;&quot;,&quot;bottom&quot;:&quot;&quot;,&quot;left&quot;:&quot;&quot;,&quot;isLinked&quot;:true},&quot;element_pack_global_tooltip_border_radius&quot;:{&quot;unit&quot;:&quot;px&quot;,&quot;top&quot;:&quot;&quot;,&quot;right&quot;:&quot;&quot;,&quot;bottom&quot;:&quot;&quot;,&quot;left&quot;:&quot;&quot;,&quot;isLinked&quot;:true},&quot;element_pack_global_tooltip_border_radius_tablet&quot;:{&quot;unit&quot;:&quot;px&quot;,&quot;top&quot;:&quot;&quot;,&quot;right&quot;:&quot;&quot;,&quot;bottom&quot;:&quot;&quot;,&quot;left&quot;:&quot;&quot;,&quot;isLinked&quot;:true},&quot;element_pack_global_tooltip_border_radius_mobile&quot;:{&quot;unit&quot;:&quot;px&quot;,&quot;top&quot;:&quot;&quot;,&quot;right&quot;:&quot;&quot;,&quot;bottom&quot;:&quot;&quot;,&quot;left&quot;:&quot;&quot;,&quot;isLinked&quot;:true}}\" data-elementor-post-type=\"page\">\n\t\t\t\t\t\t<section class=\"elementor-section elementor-top-section elementor-element elementor-element-31845a15 elementor-section-boxed elementor-section-height-default elementor-section-height-default\" data-id=\"31845a15\" data-element_type=\"section\" data-e-type=\"section\">\r\n\t\t\r\n\t\t\t\t\t\t\t<div class=\"elementor-container elementor-column-gap-no\">\r\n\t\t\t\t\t\t\t\t\t\t\t<div class=\"elementor-column elementor-col-100 elementor-top-column elementor-element elementor-element-e3b35ce\" data-id=\"e3b35ce\" data-element_type=\"column\" data-e-type=\"column\">\r\n\t\t\t\t\t<div class=\"elementor-widget-wrap elementor-element-populated\">\r\n\t\t\t\t\t\t\t\t<div class=\"elementor-element elementor-element-8ae480b m-b-md mt-4 pt-2 elementor-widget elementor-widget-heading\" data-id=\"8ae480b\" data-element_type=\"widget\" data-e-type=\"widget\" data-widget_type=\"heading.default\">\n\t\t\t\t<div class=\"elementor-widget-container\">\n\t\t\t\t\t<p class=\"elementor-heading-title elementor-size-default\">Nuestro equipo est\u00e1 aqu\u00ed para ayudarlo a explorar sus opciones de inversi\u00f3n y brindarle orientaci\u00f3n experta. Ya sea que est\u00e9 buscando expandir su cartera o ingresar a nuevos mercados, ofrecemos soluciones personalizadas para satisfacer sus necesidades.\n\n<\/p>\t\t\t\t<\/div>\n\t\t\t\t<\/div>\n\t\t\t\t<div class=\"elementor-element elementor-element-e33e837  pb-3 m-b-md elementor-widget elementor-widget-heading\" data-id=\"e33e837\" data-element_type=\"widget\" data-e-type=\"widget\" data-widget_type=\"heading.default\">\n\t\t\t\t<div class=\"elementor-widget-container\">\n\t\t\t\t\t<p class=\"elementor-heading-title elementor-size-default\">P\u00f3ngase en contacto con nosotros hoy y perm\u00edtanos ayudarle a dar el siguiente paso hacia sus objetivos financieros.\n\n<\/p>\t\t\t\t<\/div>\n\t\t\t\t<\/div>\n\t\t\t\t<div class=\"elementor-element elementor-element-3934520 custom-form-style-1 elementor-widget elementor-widget-porto_contact_form\" data-id=\"3934520\" data-element_type=\"widget\" data-e-type=\"widget\" data-widget_type=\"porto_contact_form.default\">\n\t\t\t\t<div class=\"elementor-widget-container\">\n\t\t\t\t\t\n<div class=\"wpcf7 no-js\" id=\"wpcf7-f475-o1\" lang=\"en-US\" dir=\"ltr\" data-wpcf7-id=\"475\">\n<div class=\"screen-reader-response\"><p role=\"status\" aria-live=\"polite\" aria-atomic=\"true\"><\/p> <ul><\/ul><\/div>\n<form action=\"\/es\/wp-json\/wp\/v2\/pages\/24#wpcf7-f475-o1\" method=\"post\" class=\"wpcf7-form init\" aria-label=\"Contact form\" novalidate=\"novalidate\" data-status=\"init\" data-trp-original-action=\"\/es\/wp-json\/wp\/v2\/pages\/24#wpcf7-f475-o1\">\n<fieldset class=\"hidden-fields-container\"><input type=\"hidden\" name=\"_wpcf7\" value=\"475\" \/><input type=\"hidden\" name=\"_wpcf7_version\" value=\"6.1.5\" \/><input type=\"hidden\" name=\"_wpcf7_locale\" value=\"en_US\" \/><input type=\"hidden\" name=\"_wpcf7_unit_tag\" value=\"wpcf7-f475-o1\" \/><input type=\"hidden\" name=\"_wpcf7_container_post\" value=\"0\" \/><input type=\"hidden\" name=\"_wpcf7_posted_data_hash\" value=\"\" \/>\n<\/fieldset>\n<div class=\"form-row\">\n    <div class=\"col\">\n        <h2 class=\"text-color-dark font-weight-bold text-4-5 mb-3\">Informaci\u00f3n personal:<\/h2>\n    <\/div>\n<\/div>\n<div class=\"form-row\">\n    <div class=\"form-group col-md-6 mb-3\">\n        <span class=\"wpcf7-form-control-wrap\" data-name=\"firstName\"><input size=\"40\" maxlength=\"400\" class=\"wpcf7-form-control wpcf7-text wpcf7-validates-as-required form-control\" id=\"firstName\" aria-required=\"true\" aria-invalid=\"false\" placeholder=\"Nombre de pila\" value=\"\" type=\"text\" name=\"firstName\" \/><\/span>\n    <\/div>\n    <div class=\"form-group col-md-6 mb-3\">\n        <span class=\"wpcf7-form-control-wrap\" data-name=\"lastName\"><input size=\"40\" maxlength=\"400\" class=\"wpcf7-form-control wpcf7-text wpcf7-validates-as-required form-control\" id=\"lastName\" aria-required=\"true\" aria-invalid=\"false\" placeholder=\"Apellido\" value=\"\" type=\"text\" name=\"lastName\" \/><\/span>\n    <\/div>\n<\/div>\n<div class=\"form-row mb-3\">\n    <div class=\"form-group col-md-6 mb-3\">\n        <span class=\"wpcf7-form-control-wrap\" data-name=\"email\"><input size=\"40\" maxlength=\"400\" class=\"wpcf7-form-control wpcf7-email wpcf7-validates-as-required wpcf7-text wpcf7-validates-as-email form-control\" id=\"email\" aria-required=\"true\" aria-invalid=\"false\" placeholder=\"Direcci\u00f3n de correo electr\u00f3nico\" value=\"\" type=\"email\" name=\"email\" \/><\/span>\n    <\/div>\n    <div class=\"form-group col-md-6 mb-3\">\n        <span class=\"wpcf7-form-control-wrap\" data-name=\"phone\"><input size=\"40\" maxlength=\"400\" class=\"wpcf7-form-control wpcf7-tel wpcf7-validates-as-required wpcf7-text wpcf7-validates-as-tel form-control\" id=\"phone\" aria-required=\"true\" aria-invalid=\"false\" placeholder=\"Tel\u00e9fono\" value=\"\" type=\"tel\" name=\"phone\" \/><\/span>\n    <\/div>\n<\/div>\n\n<div class=\"form-row\">\n    <div class=\"col\">\n        <h2 class=\"text-color-dark font-weight-bold text-4-5 mb-3\">Cu\u00e9ntenos el motivo por el cual desea programar una cita:<\/h2>\n    <\/div>\n<\/div>\n<div class=\"form-row mb-3\">\n    <div class=\"form-group col\">\n        <span class=\"wpcf7-form-control-wrap\" data-name=\"reason\"><textarea cols=\"40\" rows=\"10\" maxlength=\"2000\" class=\"wpcf7-form-control wpcf7-textarea wpcf7-validates-as-required form-control\" id=\"reason\" aria-required=\"true\" aria-invalid=\"false\" placeholder=\"Motivo de la cita\" name=\"reason\"><\/textarea><\/span>\n    <\/div>\n<\/div>\n\n<div class=\"form-row\">\n    <div class=\"col\">\n        <h2 class=\"text-color-dark font-weight-bold text-4-5 mb-1\">Elija fecha y hora:<\/h2>\n    <\/div>\n<\/div>\n<div class=\"form-row mb-2\">\n    <div class=\"col-lg-6\">\n        <div class=\"form-row\">\n            <div class=\"col\">\n                <p class=\"font-weight-semibold mb-2\">PRIMERA OPCI\u00d3N<\/p>\n            <\/div>\n        <\/div>\n        <div class=\"form-row\">\n            <div class=\"form-group col-md-6\">\n                <span class=\"wpcf7-form-control-wrap\" data-name=\"firstDate\"><input class=\"wpcf7-form-control wpcf7-date wpcf7-validates-as-required wpcf7-validates-as-date form-control\" id=\"firstDate\" aria-required=\"true\" aria-invalid=\"false\" placeholder=\"Fecha\" value=\"\" type=\"date\" name=\"firstDate\" \/><\/span>\n            <\/div>\n            <div class=\"form-group col-md-6\">\n                <span class=\"wpcf7-form-control-wrap\" data-name=\"firstTime\"><input size=\"40\" maxlength=\"400\" class=\"wpcf7-form-control wpcf7-text wpcf7-validates-as-required form-control\" id=\"firstTime\" aria-required=\"true\" aria-invalid=\"false\" placeholder=\"Hora (por ejemplo 9:00 AM)\" value=\"\" type=\"text\" name=\"firstTime\" \/><\/span>\n            <\/div>\n        <\/div>\n    <\/div>\n    <div class=\"col-lg-6\">\n        <div class=\"form-row\">\n            <div class=\"col\">\n                <p class=\"font-weight-semibold mb-2\">SEGUNDA OPCI\u00d3N<\/p>\n            <\/div>\n        <\/div>\n        <div class=\"form-row\">\n            <div class=\"form-group col-md-6\">\n                <span class=\"wpcf7-form-control-wrap\" data-name=\"secondDate\"><input class=\"wpcf7-form-control wpcf7-date wpcf7-validates-as-required wpcf7-validates-as-date form-control\" id=\"secondDate\" aria-required=\"true\" aria-invalid=\"false\" placeholder=\"Fecha\" value=\"\" type=\"date\" name=\"secondDate\" \/><\/span>\n            <\/div>\n            <div class=\"form-group col-md-6\">\n                <span class=\"wpcf7-form-control-wrap\" data-name=\"secondTime\"><input size=\"40\" maxlength=\"400\" class=\"wpcf7-form-control wpcf7-text wpcf7-validates-as-required form-control\" id=\"secondTime\" aria-required=\"true\" aria-invalid=\"false\" placeholder=\"Hora (por ejemplo 9:00 AM)\" value=\"\" type=\"text\" name=\"secondTime\" \/><\/span>\n            <\/div>\n        <\/div>\n    <\/div>\n<\/div>\n\n<div class=\"form-row pb-2 mb-4\">\n    <div class=\"col\">\n        <div class=\"alert alert-warning custom-alert-bg-color-1\">\n            <p class=\"text-2 mb-0\"><i class=\"fas fa-info-circle me-1\"><\/i> Tenga en cuenta que la fecha y hora solicitadas pueden no estar disponibles. Nos pondremos en contacto con usted para confirmar los detalles de su cita.<\/p>\n        <\/div>\n    <\/div>\n<\/div>\n\n<div class=\"form-row\">\n    <div class=\"form-group col mb-0\">\n        <input class=\"wpcf7-form-control wpcf7-submit has-spinner vc_btn3 vc_btn3-shape-rounded vc_btn3-icon-right font-weight-bold btn btn-full-rounded btn-md btn-primary font-size-md py-3 px-5\" type=\"submit\" value=\"Entregar\" \/>\n    <\/div>\n<\/div><p style=\"display: none !important;\" class=\"akismet-fields-container\" data-prefix=\"_wpcf7_ak_\"><label>\u0394<textarea name=\"_wpcf7_ak_hp_textarea\" cols=\"45\" rows=\"8\" maxlength=\"100\"><\/textarea><\/label><input type=\"hidden\" id=\"ak_js_1\" name=\"_wpcf7_ak_js\" value=\"133\"\/><script>\ndocument.getElementById( \"ak_js_1\" ).setAttribute( \"value\", ( new Date() ).getTime() );\n<\/script>\n<\/p><div class=\"wpcf7-response-output\" aria-hidden=\"true\"><\/div>\n<input type=\"hidden\" name=\"trp-form-language\" value=\"es\"\/><\/form>\n<\/div>\n\t\t\t\t<\/div>\n\t\t\t\t<\/div>\n\t\t\t\t\t<\/div>\r\n\t\t\t\t<\/div>\r\n\t\t\t\t\t<\/div>\r\n\t\t\t\t<\/section>\r\n\t\t\t\t<\/div>","protected":false},"excerpt":{"rendered":"<p>Our team is here to help you explore your investment options and provide expert guidance. Whether you&#8217;re looking to expand your portfolio or enter new markets, we offer tailored solutions to meet your needs. Get in touch today and let us help you take the next step toward your financial goals. Personal Information: Tell Us [&hellip;]<\/p>\n","protected":false},"author":1,"featured_media":0,"parent":0,"menu_order":0,"comment_status":"closed","ping_status":"closed","template":"","meta":{"footnotes":""},"class_list":["post-24","page","type-page","status-publish","hentry"],"yoast_head":"<!-- This site is optimized with the Yoast SEO Premium plugin v23.4 (Yoast SEO v26.8) - https:\/\/yoast.com\/product\/yoast-seo-premium-wordpress\/ -->\n<title>Appointment | Inveso<\/title>\n<meta name=\"robots\" content=\"index, follow, max-snippet:-1, max-image-preview:large, max-video-preview:-1\" \/>\n<link rel=\"canonical\" href=\"https:\/\/www.inveso.com.tr\/es\/appointment\/\" \/>\n<meta property=\"og:locale\" content=\"es_ES\" \/>\n<meta property=\"og:type\" content=\"article\" \/>\n<meta property=\"og:title\" content=\"Appointment\" \/>\n<meta property=\"og:description\" content=\"Our team is here to help you explore your investment options and provide expert guidance. Whether you&#8217;re looking to expand your portfolio or enter new markets, we offer tailored solutions to meet your needs. Get in touch today and let us help you take the next step toward your financial goals. Personal Information: Tell Us [&hellip;]\" \/>\n<meta property=\"og:url\" content=\"https:\/\/www.inveso.com.tr\/es\/appointment\/\" \/>\n<meta property=\"og:site_name\" content=\"Inveso\" \/>\n<meta property=\"article:modified_time\" content=\"2024-09-24T08:16:41+00:00\" \/>\n<meta name=\"twitter:card\" content=\"summary_large_image\" \/>\n<script type=\"application\/ld+json\" class=\"yoast-schema-graph\">{\"@context\":\"https:\/\/schema.org\",\"@graph\":[{\"@type\":\"WebPage\",\"@id\":\"https:\/\/www.inveso.com.tr\/appointment\/\",\"url\":\"https:\/\/www.inveso.com.tr\/appointment\/\",\"name\":\"Appointment | Inveso\",\"isPartOf\":{\"@id\":\"https:\/\/www.inveso.com.tr\/fr\/#website\"},\"datePublished\":\"2020-12-25T14:59:58+00:00\",\"dateModified\":\"2024-09-24T08:16:41+00:00\",\"breadcrumb\":{\"@id\":\"https:\/\/www.inveso.com.tr\/appointment\/#breadcrumb\"},\"inLanguage\":\"es\",\"potentialAction\":[{\"@type\":\"ReadAction\",\"target\":[\"https:\/\/www.inveso.com.tr\/appointment\/\"]}]},{\"@type\":\"BreadcrumbList\",\"@id\":\"https:\/\/www.inveso.com.tr\/appointment\/#breadcrumb\",\"itemListElement\":[{\"@type\":\"ListItem\",\"position\":1,\"name\":\"Home\",\"item\":\"https:\/\/www.inveso.com.tr\/\"},{\"@type\":\"ListItem\",\"position\":2,\"name\":\"Appointment\"}]},{\"@type\":\"WebSite\",\"@id\":\"https:\/\/www.inveso.com.tr\/fr\/#website\",\"url\":\"https:\/\/www.inveso.com.tr\/fr\/\",\"name\":\"Inveso\",\"description\":\"Smart Solutions\",\"publisher\":{\"@id\":\"https:\/\/www.inveso.com.tr\/fr\/#organization\"},\"potentialAction\":[{\"@type\":\"SearchAction\",\"target\":{\"@type\":\"EntryPoint\",\"urlTemplate\":\"https:\/\/www.inveso.com.tr\/fr\/?s={search_term_string}\"},\"query-input\":{\"@type\":\"PropertyValueSpecification\",\"valueRequired\":true,\"valueName\":\"search_term_string\"}}],\"inLanguage\":\"es\"},{\"@type\":\"Organization\",\"@id\":\"https:\/\/www.inveso.com.tr\/fr\/#organization\",\"name\":\"Inveso\",\"url\":\"https:\/\/www.inveso.com.tr\/fr\/\",\"logo\":{\"@type\":\"ImageObject\",\"inLanguage\":\"es\",\"@id\":\"https:\/\/www.inveso.com.tr\/fr\/#\/schema\/logo\/image\/\",\"url\":\"https:\/\/www.inveso.com.tr\/wp-content\/uploads\/2024\/09\/Inveso-Logo.svg\",\"contentUrl\":\"https:\/\/www.inveso.com.tr\/wp-content\/uploads\/2024\/09\/Inveso-Logo.svg\",\"width\":926,\"height\":224,\"caption\":\"Inveso\"},\"image\":{\"@id\":\"https:\/\/www.inveso.com.tr\/fr\/#\/schema\/logo\/image\/\"},\"sameAs\":[\"https:\/\/www.linkedin.com\/company\/invesotr\"],\"description\":\"Inveso is dedicated to guiding investors through the complexities of the Turkish and global markets. Our team of experts works closely with clients to identify the most lucrative opportunities and provide tailored advice that maximizes success. From understanding sector trends to navigating regional specifics, Inveso ensures you have the knowledge and support to make informed decisions. Whether you're new to the market or expanding your portfolio, we are here to help you achieve your investment goals.\",\"email\":\"info@inveso.com.tr\",\"telephone\":\"+90 549 726 19 36\",\"legalName\":\"Inveso\",\"foundingDate\":\"2024-01-01\",\"numberOfEmployees\":{\"@type\":\"QuantitativeValue\",\"minValue\":\"1\",\"maxValue\":\"10\"}}]}<\/script>\n<!-- \/ Yoast SEO Premium plugin. -->","yoast_head_json":{"title":"Appointment | Inveso","robots":{"index":"index","follow":"follow","max-snippet":"max-snippet:-1","max-image-preview":"max-image-preview:large","max-video-preview":"max-video-preview:-1"},"canonical":"https:\/\/www.inveso.com.tr\/es\/appointment\/","og_locale":"es_ES","og_type":"article","og_title":"Appointment","og_description":"Our team is here to help you explore your investment options and provide expert guidance. Whether you&#8217;re looking to expand your portfolio or enter new markets, we offer tailored solutions to meet your needs. Get in touch today and let us help you take the next step toward your financial goals. Personal Information: Tell Us [&hellip;]","og_url":"https:\/\/www.inveso.com.tr\/es\/appointment\/","og_site_name":"Inveso","article_modified_time":"2024-09-24T08:16:41+00:00","twitter_card":"summary_large_image","schema":{"@context":"https:\/\/schema.org","@graph":[{"@type":"WebPage","@id":"https:\/\/www.inveso.com.tr\/appointment\/","url":"https:\/\/www.inveso.com.tr\/appointment\/","name":"Appointment | Inveso","isPartOf":{"@id":"https:\/\/www.inveso.com.tr\/fr\/#website"},"datePublished":"2020-12-25T14:59:58+00:00","dateModified":"2024-09-24T08:16:41+00:00","breadcrumb":{"@id":"https:\/\/www.inveso.com.tr\/appointment\/#breadcrumb"},"inLanguage":"es","potentialAction":[{"@type":"ReadAction","target":["https:\/\/www.inveso.com.tr\/appointment\/"]}]},{"@type":"BreadcrumbList","@id":"https:\/\/www.inveso.com.tr\/appointment\/#breadcrumb","itemListElement":[{"@type":"ListItem","position":1,"name":"Home","item":"https:\/\/www.inveso.com.tr\/"},{"@type":"ListItem","position":2,"name":"Appointment"}]},{"@type":"WebSite","@id":"https:\/\/www.inveso.com.tr\/fr\/#website","url":"https:\/\/www.inveso.com.tr\/fr\/","name":"Inversi\u00f3n","description":"Soluciones inteligentes","publisher":{"@id":"https:\/\/www.inveso.com.tr\/fr\/#organization"},"potentialAction":[{"@type":"SearchAction","target":{"@type":"EntryPoint","urlTemplate":"https:\/\/www.inveso.com.tr\/fr\/?s={search_term_string}"},"query-input":{"@type":"PropertyValueSpecification","valueRequired":true,"valueName":"search_term_string"}}],"inLanguage":"es"},{"@type":"Organization","@id":"https:\/\/www.inveso.com.tr\/fr\/#organization","name":"Inversi\u00f3n","url":"https:\/\/www.inveso.com.tr\/fr\/","logo":{"@type":"ImageObject","inLanguage":"es","@id":"https:\/\/www.inveso.com.tr\/fr\/#\/schema\/logo\/image\/","url":"https:\/\/www.inveso.com.tr\/wp-content\/uploads\/2024\/09\/Inveso-Logo.svg","contentUrl":"https:\/\/www.inveso.com.tr\/wp-content\/uploads\/2024\/09\/Inveso-Logo.svg","width":926,"height":224,"caption":"Inveso"},"image":{"@id":"https:\/\/www.inveso.com.tr\/fr\/#\/schema\/logo\/image\/"},"sameAs":["https:\/\/www.linkedin.com\/company\/invesotr"],"description":"Inveso se dedica a guiar a los inversores a trav\u00e9s de las complejidades de los mercados turcos e internacionales. Nuestro equipo de expertos trabaja en estrecha colaboraci\u00f3n con los clientes para identificar las oportunidades m\u00e1s lucrativas y brindar asesoramiento personalizado que maximice el \u00e9xito. Desde comprender las tendencias del sector hasta comprender las particularidades regionales, Inveso le garantiza el conocimiento y el apoyo necesarios para tomar decisiones informadas. Tanto si es nuevo en el mercado como si est\u00e1 ampliando su cartera, estamos aqu\u00ed para ayudarle a alcanzar sus objetivos de inversi\u00f3n.","email":"info@inveso.com.tr","telephone":"+90 549 726 19 36","legalName":"Inveso","foundingDate":"2024-01-01","numberOfEmployees":{"@type":"QuantitativeValue","minValue":"1","maxValue":"10"}}]}},"_links":{"self":[{"href":"https:\/\/www.inveso.com.tr\/es\/wp-json\/wp\/v2\/pages\/24","targetHints":{"allow":["GET"]}}],"collection":[{"href":"https:\/\/www.inveso.com.tr\/es\/wp-json\/wp\/v2\/pages"}],"about":[{"href":"https:\/\/www.inveso.com.tr\/es\/wp-json\/wp\/v2\/types\/page"}],"author":[{"embeddable":true,"href":"https:\/\/www.inveso.com.tr\/es\/wp-json\/wp\/v2\/users\/1"}],"replies":[{"embeddable":true,"href":"https:\/\/www.inveso.com.tr\/es\/wp-json\/wp\/v2\/comments?post=24"}],"version-history":[{"count":3,"href":"https:\/\/www.inveso.com.tr\/es\/wp-json\/wp\/v2\/pages\/24\/revisions"}],"predecessor-version":[{"id":3826,"href":"https:\/\/www.inveso.com.tr\/es\/wp-json\/wp\/v2\/pages\/24\/revisions\/3826"}],"wp:attachment":[{"href":"https:\/\/www.inveso.com.tr\/es\/wp-json\/wp\/v2\/media?parent=24"}],"curies":[{"name":"wp","href":"https:\/\/api.w.org\/{rel}","templated":true}]}}